{"id":140,"date":"2019-10-14T10:21:34","date_gmt":"2019-10-14T10:21:34","guid":{"rendered":"https:\/\/www.gtk.bme.hu\/eng\/organization\/"},"modified":"2022-07-27T09:22:28","modified_gmt":"2022-07-27T09:22:28","slug":"organization","status":"publish","type":"page","link":"https:\/\/www.gtk.bme.hu\/en\/about\/organization\/","title":{"rendered":"Organization"},"content":{"rendered":"<p>[vc_section full_width=&#8221;stretch_row&#8221; parallax=&#8221;content-moving&#8221; parallax_image=&#8221;979&#8243; disable_element=&#8221;yes&#8221; css=&#8221;.vc_custom_1657632043517{padding-top: 40vh !important;padding-bottom: 40vh !important;}&#8221;][\/vc_section][vc_section][vc_row][vc_column][vc_column_text]<\/p>\n<h1>Organization<\/h1>\n<p>The Faculty of Economic and Social Sciences consists of 9 departments, 3 centres and 1 institute, each of which actively contributes to the mission of the Faculty in the fields of teaching and research.[\/vc_column_text][\/vc_column][\/vc_row][\/vc_section][vc_row][vc_column][vc_column_text]<div id=\"ccchildpages-1\" class=\"ccchildpages threecol subPages ccclearfix\"><div class=\"ccchildpage  ccfirst ccodd ccpage-count-1 ccpage-id-150 ccpage-management ccpage-has-parent ccpage-pid-140 ccpage-parent-organization\"><h3>Management<\/h3><div class=\"ccpages_excerpt\">[vc_section full_width=\"stretch_row\" parallax=\"content-moving\" parallax_image=\"995\" disable_element=\"yes\" css=\".vc_custom_1657632100156{padding-top: 40vh !important;padding-bottom: 40vh !important;}\"][\/vc_section][vc_section][vc_row][vc_column][vc_column_text] Management &nbsp; [\/vc_column_text][\/vc_column][\/vc_row][vc_row equal_height=\"yes\" css_animation=\"fadeInUp\" el_class=\"smaller-heading\"][vc_column width=\"1\/3\" el_class=\"long-title\"]Dr. M\u00e1ria Szalm\u00e1n\u00e9 CseteDeanQ.A. II. 206. +36 1 463 4029 [\/vc_column][vc_column width=\"1\/3\"]Dr. Bence P\u00e9ter BodrogiActing Vice-Dean for EducationQ. A. III. 329. +36 1 463 3891 [\/vc_column][vc_column width=\"1\/3\"]Dr. Sarolta T\u00f3v\u00f6lgyiActing Vice-Dean for International AffairsQ.A. I. 105. +36 1 463...<\/div><p class=\"ccpages_more\"><a href=\"https:\/\/www.gtk.bme.hu\/en\/about\/organization\/management\/\"  title=\"Read more ...\">Read more ...<\/a><\/p><\/div><div class=\"ccchildpage  cceven ccpage-count-2 ccpage-id-4367 ccpage-organogram ccpage-has-parent ccpage-pid-140 ccpage-parent-organization\"><h3>Organogram<\/h3><div class=\"ccpages_excerpt\">[vc_section full_width=\"stretch_row\" parallax=\"content-moving\" parallax_image=\"702\" disable_element=\"yes\" css=\".vc_custom_1657632144098{padding-top: 40vh !important;padding-bottom: 40vh !important;}\"][\/vc_section][vc_section][vc_row][vc_column][vc_column_text] Organogram [\/vc_column_text][\/vc_column][\/vc_row][vc_row][vc_column][vc_single_image image=\"4368\" img_size=\"full\" alignment=\"center\"][\/vc_column][\/vc_row][\/vc_section]<\/div><p class=\"ccpages_more\"><a href=\"https:\/\/www.gtk.bme.hu\/en\/about\/organization\/organogram\/\"  title=\"Read more ...\">Read more ...<\/a><\/p><\/div><div class=\"ccchildpage  cclast ccodd ccpage-count-3 ccpage-id-151 ccpage-departments-and-centres ccpage-has-parent ccpage-pid-140 ccpage-parent-organization\"><h3>Departments and Centres<\/h3><div class=\"ccpages_excerpt\">[vc_section full_width=\"stretch_row\" parallax=\"content-moving\" parallax_image=\"702\" disable_element=\"yes\" css=\".vc_custom_1657632144098{padding-top: 40vh !important;padding-bottom: 40vh !important;}\"][\/vc_section][vc_section][vc_row][vc_column][vc_column_text] Departments and Centres Department of Business Law Head of Unit: Dr. Anik\u00f3 Grad-Gyenge Webpage As a tradition, the Department of Business Law considers its primary educational goal to familiarize students with the fields of law defined or influenced by technology. The Department of Business Law...<\/div><p class=\"ccpages_more\"><a href=\"https:\/\/www.gtk.bme.hu\/en\/about\/organization\/departments-and-centres\/\"  title=\"Read more ...\">Read more ...<\/a><\/p><\/div><\/div>[\/vc_column_text][\/vc_column][\/vc_row]<\/p>\n","protected":false},"excerpt":{"rendered":"<p>[vc_section full_width=&#8221;stretch_row&#8221; parallax=&#8221;content-moving&#8221; parallax_image=&#8221;979&#8243; disable_element=&#8221;yes&#8221; css=&#8221;.vc_custom_1657632043517{padding-top: 40vh !important;padding-bottom: 40vh !important;}&#8221;][\/vc_section][vc_section][vc_row][vc_column][vc_column_text] Organization The Faculty of Economic and Social Sciences consists of 9 departments, 3 centres and 1<span class=\"excerpt-hellip\"> [\u2026]<\/span><\/p>\n","protected":false},"author":6,"featured_media":0,"parent":13,"menu_order":3,"comment_status":"closed","ping_status":"closed","template":"","meta":{"pgc_sgb_lightbox_settings":"","inline_featured_image":false},"_links":{"self":[{"href":"https:\/\/www.gtk.bme.hu\/en\/wp-json\/wp\/v2\/pages\/140"}],"collection":[{"href":"https:\/\/www.gtk.bme.hu\/en\/wp-json\/wp\/v2\/pages"}],"about":[{"href":"https:\/\/www.gtk.bme.hu\/en\/wp-json\/wp\/v2\/types\/page"}],"author":[{"embeddable":true,"href":"https:\/\/www.gtk.bme.hu\/en\/wp-json\/wp\/v2\/users\/6"}],"replies":[{"embeddable":true,"href":"https:\/\/www.gtk.bme.hu\/en\/wp-json\/wp\/v2\/comments?post=140"}],"version-history":[{"count":7,"href":"https:\/\/www.gtk.bme.hu\/en\/wp-json\/wp\/v2\/pages\/140\/revisions"}],"predecessor-version":[{"id":3135,"href":"https:\/\/www.gtk.bme.hu\/en\/wp-json\/wp\/v2\/pages\/140\/revisions\/3135"}],"up":[{"embeddable":true,"href":"https:\/\/www.gtk.bme.hu\/en\/wp-json\/wp\/v2\/pages\/13"}],"wp:attachment":[{"href":"https:\/\/www.gtk.bme.hu\/en\/wp-json\/wp\/v2\/media?parent=140"}],"curies":[{"name":"wp","href":"https:\/\/api.w.org\/{rel}","templated":true}]}}