{"id":143,"date":"2019-10-14T10:21:34","date_gmt":"2019-10-14T10:21:34","guid":{"rendered":"https:\/\/www.gtk.bme.hu\/eng\/contacts\/"},"modified":"2024-03-05T14:10:16","modified_gmt":"2024-03-05T14:10:16","slug":"contacts","status":"publish","type":"page","link":"https:\/\/www.gtk.bme.hu\/en\/about\/contacts\/","title":{"rendered":"Contacts"},"content":{"rendered":"<p>[vc_section full_width=&#8221;stretch_row&#8221; parallax=&#8221;content-moving&#8221; parallax_image=&#8221;743&#8243; disable_element=&#8221;yes&#8221; css=&#8221;.vc_custom_1657632714537{padding-top: 40vh !important;padding-bottom: 40vh !important;}&#8221;][\/vc_section][vc_section][vc_row disable_element=&#8221;yes&#8221;][vc_column][vc_column_text]<\/p>\n<h1>Contact Us<\/h1>\n<h4><strong>General Enquiries<\/strong><\/h4>\n<p>Faculty of Economic and Social Sciences (GTK)<br \/>\nBudapest University of Technology and Economics<\/p>\n<p>2 Magyar Tud\u00f3sok k\u00f6r\u00fatja, Building Q, Wing \u201eA\u201d<br \/>\nH-1117 Budapest, Hungary[\/vc_column_text][\/vc_column][\/vc_row][\/vc_section][vc_section][vc_row][vc_column][vc_column_text]<\/p>\n<h2><strong>Contacts<\/strong><\/h2>\n<p>&nbsp;<\/p>\n<p><strong>M\u00e1ria Szalm\u00e1n\u00e9 Csete, PhD habil., Vice-Dean for International Affairs<\/strong><br \/>\ne-mail: <a href=\"mailto:international.vd@gtk.bme.hu\">international.vd@gtk.bme.hu<\/a><\/p>\n<h4><strong>Student Affairs (admissions, current and prospective students)<\/strong><\/h4>\n<p><strong>INTERNATIONAL STUDENT OFFICE \u2013 FACULTY OF ECONOMIC AND SOCIAL SCIENCES<\/strong><br \/>\naddress: H-1117 Budapest, 2 Magyar tud\u00f3sok k\u00f6r\u00fatja, Building Q, Wing \u201eA\u201d, Mezzanine floor 5.<\/p>\n<p><strong>Mrs Krisztina Kardos-Varga, International Study Program Coordinator<\/strong><br \/>\ne-mail: <a href=\"mailto:iso@gtk.bme.hu\">iso@gtk.bme.hu<\/a><br \/>\nphone: +36 1 463 2152<\/p>\n<p><strong>ERASMUS+ FACULTY COORDINATOR:<\/strong><br \/>\n<strong>Sarolta T\u00f3v\u00f6lgyi, PhD<\/strong><br \/>\nphone: +36 1 463 3669<br \/>\ne-mail: <a href=\"mailto:tovolgyi@erg.bme.hu\">tovolgyi.sarolta@gtk.bme.hu<\/a><\/p>\n<p><strong>DEPARTMENT OF INTERNATIONAL RELATIONS (CENTRAL LEVEL):<br \/>\n<\/strong>Incoming Student Coordinator, Exchange Students<br \/>\naddress: H-1111 Budapest, M\u0171egyetem rakpart 7-9., Building R, 1st floor, room 104.<br \/>\nphone: +36 1 463 1622<br \/>\ne-mail: <a href=\"mailto:erasmus@bme.hu\">erasmus@bme.hu<\/a><\/p>\n<p><strong>DEPARTMENT OF INTERNATIONAL ACADEMIC AFFAIRS (CENTRAL LEVEL)<\/strong><strong><br \/>\n<\/strong>General Admission Information \u2013 Fee-paying Students<strong><br \/>\n<\/strong>address: H-1111 Budapest, Hungary M\u0171egyetem rakpart 3., Building K, 1st floor, room 18\/B.<br \/>\nphone: +36 1 463 3981<br \/>\ne-mail: <a href=\"mailto:admission@mail.bme.hu\">admission@bme.hu<\/a><\/p>\n<h4><strong><br \/>\nSocial media<\/strong><\/h4>\n<p>Facebook: <a href=\"https:\/\/www.facebook.com\/bmegtk\/\" target=\"_blank\" rel=\"noopener noreferrer\">https:\/\/www.facebook.com\/bmegtk\/<\/a><\/p>\n<h4><strong><br \/>\nAddress<\/strong><\/h4>\n<p>Faculty of Economic and Social Sciences (GTK)<br \/>\nBudapest University of Technology and Economics<br \/>\n2 Magyar Tud\u00f3sok k\u00f6r\u00fatja, Building Q, Wing \u201eA\u201d<br \/>\nH-1117 Budapest, Hungary<\/p>\n<div id=\"gtx-trans\" style=\"position: absolute; left: 265px; top: 248.891px;\">\n<div class=\"gtx-trans-icon\"><\/div>\n<\/div>\n<p>[\/vc_column_text][\/vc_column][\/vc_row][vc_row][vc_column][vc_gmaps link=&#8221;#E-8_JTNDaWZyYW1lJTIwc3JjJTNEJTIyaHR0cHMlM0ElMkYlMkZ3d3cuZ29vZ2xlLmNvbSUyRm1hcHMlMkZlbWJlZCUzRnBiJTNEJTIxMW0xOCUyMTFtMTIlMjExbTMlMjExZDI2OTYuNzk0NzA1NTcwMzElMjEyZDE5LjA1NzMzOTExNTkzMzE1JTIxM2Q0Ny40NzQ0Mjk4NzkxNzYyMDYlMjEybTMlMjExZjAlMjEyZjAlMjEzZjAlMjEzbTIlMjExaTEwMjQlMjEyaTc2OCUyMTRmMTMuMSUyMTNtMyUyMTFtMiUyMTFzMHg0NzQxZGRhYTM1MTRlMDMxJTI1M0EweDIyYWI0MjgzZTE0N2Q0MTUlMjEyelFrMUZJRkVndzZsd3c3eHNaWFElMjE1ZTAlMjEzbTIlMjExc2VuJTIxMnNodSUyMTR2MTU3Mjk3MDE3MTM0NSUyMTVtMiUyMTFzZW4lMjEyc2h1JTIyJTIwd2lkdGglM0QlMjI2MDAlMjIlMjBoZWlnaHQlM0QlMjI0NTAlMjIlMjBmcmFtZWJvcmRlciUzRCUyMjAlMjIlMjBzdHlsZSUzRCUyMmJvcmRlciUzQTAlM0IlMjIlMjBhbGxvd2Z1bGxzY3JlZW4lM0QlMjIlMjIlM0UlM0MlMkZpZnJhbWUlM0U=&#8221; el_id=&#8221;contactmap&#8221;][\/vc_column][\/vc_row][\/vc_section]<\/p>\n","protected":false},"excerpt":{"rendered":"<p>[vc_section full_width=&#8221;stretch_row&#8221; parallax=&#8221;content-moving&#8221; parallax_image=&#8221;743&#8243; disable_element=&#8221;yes&#8221; css=&#8221;.vc_custom_1657632714537{padding-top: 40vh !important;padding-bottom: 40vh !important;}&#8221;][\/vc_section][vc_section][vc_row disable_element=&#8221;yes&#8221;][vc_column][vc_column_text] Contact Us General Enquiries Faculty of Economic and Social Sciences (GTK) Budapest University of Technology<span class=\"excerpt-hellip\"> [\u2026]<\/span><\/p>\n","protected":false},"author":6,"featured_media":0,"parent":13,"menu_order":8,"comment_status":"closed","ping_status":"closed","template":"","meta":{"pgc_sgb_lightbox_settings":"","inline_featured_image":false},"_links":{"self":[{"href":"https:\/\/www.gtk.bme.hu\/en\/wp-json\/wp\/v2\/pages\/143"}],"collection":[{"href":"https:\/\/www.gtk.bme.hu\/en\/wp-json\/wp\/v2\/pages"}],"about":[{"href":"https:\/\/www.gtk.bme.hu\/en\/wp-json\/wp\/v2\/types\/page"}],"author":[{"embeddable":true,"href":"https:\/\/www.gtk.bme.hu\/en\/wp-json\/wp\/v2\/users\/6"}],"replies":[{"embeddable":true,"href":"https:\/\/www.gtk.bme.hu\/en\/wp-json\/wp\/v2\/comments?post=143"}],"version-history":[{"count":32,"href":"https:\/\/www.gtk.bme.hu\/en\/wp-json\/wp\/v2\/pages\/143\/revisions"}],"predecessor-version":[{"id":4278,"href":"https:\/\/www.gtk.bme.hu\/en\/wp-json\/wp\/v2\/pages\/143\/revisions\/4278"}],"up":[{"embeddable":true,"href":"https:\/\/www.gtk.bme.hu\/en\/wp-json\/wp\/v2\/pages\/13"}],"wp:attachment":[{"href":"https:\/\/www.gtk.bme.hu\/en\/wp-json\/wp\/v2\/media?parent=143"}],"curies":[{"name":"wp","href":"https:\/\/api.w.org\/{rel}","templated":true}]}}