{"id":150,"date":"2019-10-14T10:23:28","date_gmt":"2019-10-14T10:23:28","guid":{"rendered":"https:\/\/www.gtk.bme.hu\/eng\/about\/organization\/management\/"},"modified":"2026-04-16T14:24:08","modified_gmt":"2026-04-16T14:24:08","slug":"management","status":"publish","type":"page","link":"https:\/\/www.gtk.bme.hu\/en\/about\/organization\/management\/","title":{"rendered":"Management"},"content":{"rendered":"<p>[vc_section full_width=&#8221;stretch_row&#8221; parallax=&#8221;content-moving&#8221; parallax_image=&#8221;995&#8243; disable_element=&#8221;yes&#8221; css=&#8221;.vc_custom_1657632100156{padding-top: 40vh !important;padding-bottom: 40vh !important;}&#8221;][\/vc_section][vc_section][vc_row][vc_column][vc_column_text]<\/p>\n<h1>Management<\/h1>\n<p>&nbsp;<\/p>\n<p>[\/vc_column_text][\/vc_column][\/vc_row][vc_row equal_height=&#8221;yes&#8221; css_animation=&#8221;fadeInUp&#8221; el_class=&#8221;smaller-heading&#8221;][vc_column width=&#8221;1\/3&#8243; el_class=&#8221;long-title&#8221;]<div class=\"team team_vertical\"><h4 class=\"title\">Dr. M\u00e1ria Szalm\u00e1n\u00e9 Csete<\/h4><div class=\"image_frame photo no_link scale-with-grid\"><div class=\"image_wrapper\"><a href=\"http:\/\/www.kornygazd.bme.hu\/en\/munkatarsak\/szalmane-dr-csete-maria\" target=\"_blank\"><img class=\"scale-with-grid\" src=\"https:\/\/www.gtk.bme.hu\/en\/wp-content\/uploads\/sites\/2\/2025\/08\/szalmane-dr-csete-maria-uj.png\" alt=\"szalmane-dr-csete-maria-uj\" width=\"225\" height=\"300\"\/><\/a><\/div><\/div><div class=\"desc_wrapper\"><h4><a href=\"http:\/\/www.kornygazd.bme.hu\/en\/munkatarsak\/szalmane-dr-csete-maria\" target=\"_blank\">Dean<\/a><\/h4><p class=\"subtitle\">Q.A. II. 206.<\/p><p class=\"phone\"><i class=\"icon-phone\"><\/i> <a href=\"tel:+36 1 463 4029\">+36 1 463 4029<\/a><\/p><hr class=\"hr_color\" \/><div class=\"desc\"><\/div><div class=\"links\"><a href=\"mailto:csete.maria@gtk.bme.hu\" class=\"icon_bar icon_bar_small\"><span class=\"t\"><i class=\"icon-mail\"><\/i><\/span><span class=\"b\"><i class=\"icon-mail\"><\/i><\/span><\/a><\/div><\/div><\/div>\n[\/vc_column][vc_column width=&#8221;1\/3&#8243;]<div class=\"team team_vertical\"><h4 class=\"title\">Dr. Bence P\u00e9ter Bodrogi<\/h4><div class=\"image_frame photo no_link scale-with-grid\"><div class=\"image_wrapper\"><img class=\"scale-with-grid\" src=\"https:\/\/www.gtk.bme.hu\/en\/wp-content\/uploads\/sites\/2\/2026\/04\/bodrogi-bence-002.png\" alt=\"bodrogi bence (002)\" width=\"225\" height=\"300\"\/><\/div><\/div><div class=\"desc_wrapper\"><h4>Acting Vice-Dean for Education<\/h4><p class=\"subtitle\">Q. A. III. 329.<\/p><p class=\"phone\"><i class=\"icon-phone\"><\/i> <a href=\"tel:+36 1 463 3891\">+36 1 463 3891<\/a><\/p><hr class=\"hr_color\" \/><div class=\"desc\"><\/div><div class=\"links\"><a href=\"mailto:bodrogi.bence@gtk.bme.hu\" class=\"icon_bar icon_bar_small\"><span class=\"t\"><i class=\"icon-mail\"><\/i><\/span><span class=\"b\"><i class=\"icon-mail\"><\/i><\/span><\/a><\/div><\/div><\/div>\n[\/vc_column][vc_column width=&#8221;1\/3&#8243;]<div class=\"team team_vertical\"><h4 class=\"title\">Dr. Sarolta T\u00f3v\u00f6lgyi<\/h4><div class=\"image_frame photo no_link scale-with-grid\"><div class=\"image_wrapper\"><a href=\"http:\/\/www.erg.bme.hu\/munkatarsak?id=29\" target=\"_blank\"><img class=\"scale-with-grid\" src=\"https:\/\/www.gtk.bme.hu\/en\/wp-content\/uploads\/sites\/2\/2025\/08\/sarolta-tovolgyi.png\" alt=\"sarolta-tovolgyi\" width=\"225\" height=\"300\"\/><\/a><\/div><\/div><div class=\"desc_wrapper\"><h4><a href=\"http:\/\/www.erg.bme.hu\/munkatarsak?id=29\" target=\"_blank\">Acting Vice-Dean for International Affairs<\/a><\/h4><p class=\"subtitle\">Q.A. I. 105.<\/p><p class=\"phone\"><i class=\"icon-phone\"><\/i> <a href=\"tel:+36 1 463 3669\">+36 1 463 3669<\/a><\/p><hr class=\"hr_color\" \/><div class=\"desc\"><\/div><div class=\"links\"><a href=\"mailto:tovolgyi.sarolta@gtk.bme.hu\" class=\"icon_bar icon_bar_small\"><span class=\"t\"><i class=\"icon-mail\"><\/i><\/span><span class=\"b\"><i class=\"icon-mail\"><\/i><\/span><\/a><\/div><\/div><\/div>\n[\/vc_column][\/vc_row][vc_row equal_height=&#8221;yes&#8221; css_animation=&#8221;fadeInUp&#8221; el_class=&#8221;smaller-heading&#8221;][vc_column width=&#8221;1\/3&#8243;]<div class=\"team team_vertical\"><h4 class=\"title\">Dr. B\u00e9la Janky<\/h4><div class=\"image_frame photo no_link scale-with-grid\"><div class=\"image_wrapper\"><a href=\"https:\/\/doktori.hu\/index.php?menuid=192&#038;lang=EN&#038;sz_ID=11074\" target=\"_blank\"><img class=\"scale-with-grid\" src=\"https:\/\/www.gtk.bme.hu\/en\/wp-content\/uploads\/sites\/2\/2025\/10\/janky-bela.png\" alt=\"janky b\u00e9la\" width=\"225\" height=\"300\"\/><\/a><\/div><\/div><div class=\"desc_wrapper\"><h4><a href=\"https:\/\/doktori.hu\/index.php?menuid=192&#038;lang=EN&#038;sz_ID=11074\" target=\"_blank\">Acting Vice-Dean for Science and Innovation<\/a><\/h4><p class=\"subtitle\">E. VII. 714.<\/p><p class=\"phone\"><i class=\"icon-phone\"><\/i> <a href=\"tel:+36 1 463 1132\">+36 1 463 1132<\/a><\/p><hr class=\"hr_color\" \/><div class=\"desc\"><\/div><div class=\"links\"><a href=\"mailto:janky.bela@gtk.bme.hu\" class=\"icon_bar icon_bar_small\"><span class=\"t\"><i class=\"icon-mail\"><\/i><\/span><span class=\"b\"><i class=\"icon-mail\"><\/i><\/span><\/a><\/div><\/div><\/div>\n[\/vc_column][vc_column width=&#8221;1\/3&#8243;]<div class=\"team team_vertical\"><h4 class=\"title\">Dr. Andr\u00e1s Bethlendi<\/h4><div class=\"image_frame photo no_link scale-with-grid\"><div class=\"image_wrapper\"><a href=\"http:\/\/finance.bme.hu\/munkatarsak\/bethlendiandras\/\" target=\"_blank\"><img class=\"scale-with-grid\" src=\"https:\/\/www.gtk.bme.hu\/en\/wp-content\/uploads\/sites\/2\/2020\/04\/Dr-Bethlendi-Anras.jpg\" alt=\"Dr-Bethlendi-Anras\" width=\"225\" height=\"300\"\/><\/a><\/div><\/div><div class=\"desc_wrapper\"><h4><a href=\"http:\/\/finance.bme.hu\/munkatarsak\/bethlendiandras\/\" target=\"_blank\">Acting Vice-Dean for Financial Matters<\/a><\/h4><p class=\"subtitle\">Q.A. III. 330<\/p><p class=\"phone\"><i class=\"icon-phone\"><\/i> <a href=\"tel:+36 1 463 2979\">+36 1 463 2979<\/a><\/p><hr class=\"hr_color\" \/><div class=\"desc\"><\/div><div class=\"links\"><a href=\"mailto:bethlendi.andras@gtk.bme.hu\" class=\"icon_bar icon_bar_small\"><span class=\"t\"><i class=\"icon-mail\"><\/i><\/span><span class=\"b\"><i class=\"icon-mail\"><\/i><\/span><\/a><\/div><\/div><\/div>\n[\/vc_column][vc_column width=&#8221;1\/3&#8243;]<div class=\"team team_vertical\"><h4 class=\"title\">Dr. Mariann Szab\u00f3<\/h4><div class=\"image_frame photo no_link scale-with-grid\"><div class=\"image_wrapper\"><a href=\"https:\/\/doktori.hu\/index.php?menuid=192&#038;lang=EN&#038;sz_ID=11074\" target=\"_blank\"><img class=\"scale-with-grid\" src=\"https:\/\/www.gtk.bme.hu\/en\/wp-content\/uploads\/sites\/2\/2025\/10\/szabo-mariann.png\" alt=\"szab\u00f3 mariann\" width=\"225\" height=\"300\"\/><\/a><\/div><\/div><div class=\"desc_wrapper\"><h4><a href=\"https:\/\/doktori.hu\/index.php?menuid=192&#038;lang=EN&#038;sz_ID=11074\" target=\"_blank\">Dean\u2019s Delegate for Academic Programme Development<\/a><\/h4><p class=\"subtitle\">Q. A. II. 235.<\/p><p class=\"phone\"><i class=\"icon-phone\"><\/i> <a href=\"tel:+36 1 463 4030\">+36 1 463 4030<\/a><\/p><hr class=\"hr_color\" \/><div class=\"desc\"><\/div><div class=\"links\"><a href=\"mailto:szabo.mariann@gtk.bme.hu\" class=\"icon_bar icon_bar_small\"><span class=\"t\"><i class=\"icon-mail\"><\/i><\/span><span class=\"b\"><i class=\"icon-mail\"><\/i><\/span><\/a><\/div><\/div><\/div>\n[\/vc_column][\/vc_row][vc_row equal_height=&#8221;yes&#8221; css_animation=&#8221;fadeInUp&#8221; el_class=&#8221;smaller-heading&#8221;][vc_column width=&#8221;1\/3&#8243;]<div class=\"team team_vertical\"><h4 class=\"title\">Dr. Szilvia B\u00edr\u00f3-Szigeti<\/h4><div class=\"image_frame photo no_link scale-with-grid\"><div class=\"image_wrapper\"><a href=\"http:\/\/finance.bme.hu\/munkatarsak\/bethlendiandras\/\" target=\"_blank\"><img class=\"scale-with-grid\" src=\"https:\/\/www.gtk.bme.hu\/en\/wp-content\/uploads\/sites\/2\/2025\/10\/biro-szigeti-szilvia.png\" alt=\"b\u00edr\u00f3-szigeti szilvia\" width=\"225\" height=\"300\"\/><\/a><\/div><\/div><div class=\"desc_wrapper\"><h4><a href=\"http:\/\/finance.bme.hu\/munkatarsak\/bethlendiandras\/\" target=\"_blank\">Dean\u2019s Delegate for Communication<\/a><\/h4><p class=\"subtitle\">Q. B. III. 303b<\/p><p class=\"phone\"><i class=\"icon-phone\"><\/i> <a href=\"tel:+36 1 463 3882\">+36 1 463 3882<\/a><\/p><hr class=\"hr_color\" \/><div class=\"desc\"><\/div><div class=\"links\"><a href=\"mailto:szigeti.szilvia@gtk.bme.hu\" class=\"icon_bar icon_bar_small\"><span class=\"t\"><i class=\"icon-mail\"><\/i><\/span><span class=\"b\"><i class=\"icon-mail\"><\/i><\/span><\/a><\/div><\/div><\/div>\n[\/vc_column][vc_column width=&#8221;1\/3&#8243;]<div class=\"team team_vertical\"><h4 class=\"title\">Em\u0151ke T\u00fcnde Varg\u00e1n\u00e9 \u00c9des<\/h4><div class=\"image_frame photo no_link scale-with-grid\"><div class=\"image_wrapper\"><img class=\"scale-with-grid\" src=\"https:\/\/www.gtk.bme.hu\/en\/wp-content\/uploads\/sites\/2\/2021\/10\/Vargane-Edes-Emoke-Tunde.jpg\" alt=\"Varg\u00e1n\u00e9 \u00c9des Em\u0151ke T\u00fcnde\" width=\"225\" height=\"300\"\/><\/div><\/div><div class=\"desc_wrapper\"><h4>Head of Dean's Office<\/h4><p class=\"subtitle\">Q.A. II. 209<\/p><p class=\"phone\"><i class=\"icon-phone\"><\/i> <a href=\"tel:+36 1 463 3591\">+36 1 463 3591<\/a><\/p><hr class=\"hr_color\" \/><div class=\"desc\"><\/div><div class=\"links\"><a href=\"mailto:edes.emoke@gtk.bme.hu\" class=\"icon_bar icon_bar_small\"><span class=\"t\"><i class=\"icon-mail\"><\/i><\/span><span class=\"b\"><i class=\"icon-mail\"><\/i><\/span><\/a><\/div><\/div><\/div>\n[\/vc_column][vc_column width=&#8221;1\/3&#8243;][\/vc_column][\/vc_row][\/vc_section]<\/p>\n","protected":false},"excerpt":{"rendered":"<p>[vc_section full_width=&#8221;stretch_row&#8221; parallax=&#8221;content-moving&#8221; parallax_image=&#8221;995&#8243; disable_element=&#8221;yes&#8221; css=&#8221;.vc_custom_1657632100156{padding-top: 40vh !important;padding-bottom: 40vh !important;}&#8221;][\/vc_section][vc_section][vc_row][vc_column][vc_column_text] Management &nbsp; [\/vc_column_text][\/vc_column][\/vc_row][vc_row equal_height=&#8221;yes&#8221; css_animation=&#8221;fadeInUp&#8221; el_class=&#8221;smaller-heading&#8221;][vc_column width=&#8221;1\/3&#8243; el_class=&#8221;long-title&#8221;][\/vc_column][vc_column width=&#8221;1\/3&#8243;][\/vc_column][vc_column width=&#8221;1\/3&#8243;][\/vc_column][\/vc_row][vc_row equal_height=&#8221;yes&#8221; css_animation=&#8221;fadeInUp&#8221; el_class=&#8221;smaller-heading&#8221;][vc_column width=&#8221;1\/3&#8243;][\/vc_column][vc_column width=&#8221;1\/3&#8243;][\/vc_column][vc_column width=&#8221;1\/3&#8243;][\/vc_column][\/vc_row][vc_row<span class=\"excerpt-hellip\"> [\u2026]<\/span><\/p>\n","protected":false},"author":6,"featured_media":0,"parent":140,"menu_order":0,"comment_status":"closed","ping_status":"closed","template":"","meta":{"pgc_sgb_lightbox_settings":"","inline_featured_image":false},"_links":{"self":[{"href":"https:\/\/www.gtk.bme.hu\/en\/wp-json\/wp\/v2\/pages\/150"}],"collection":[{"href":"https:\/\/www.gtk.bme.hu\/en\/wp-json\/wp\/v2\/pages"}],"about":[{"href":"https:\/\/www.gtk.bme.hu\/en\/wp-json\/wp\/v2\/types\/page"}],"author":[{"embeddable":true,"href":"https:\/\/www.gtk.bme.hu\/en\/wp-json\/wp\/v2\/users\/6"}],"replies":[{"embeddable":true,"href":"https:\/\/www.gtk.bme.hu\/en\/wp-json\/wp\/v2\/comments?post=150"}],"version-history":[{"count":30,"href":"https:\/\/www.gtk.bme.hu\/en\/wp-json\/wp\/v2\/pages\/150\/revisions"}],"predecessor-version":[{"id":6132,"href":"https:\/\/www.gtk.bme.hu\/en\/wp-json\/wp\/v2\/pages\/150\/revisions\/6132"}],"up":[{"embeddable":true,"href":"https:\/\/www.gtk.bme.hu\/en\/wp-json\/wp\/v2\/pages\/140"}],"wp:attachment":[{"href":"https:\/\/www.gtk.bme.hu\/en\/wp-json\/wp\/v2\/media?parent=150"}],"curies":[{"name":"wp","href":"https:\/\/api.w.org\/{rel}","templated":true}]}}