{"id":167,"date":"2019-10-14T10:25:55","date_gmt":"2019-10-14T10:25:55","guid":{"rendered":"https:\/\/www.gtk.bme.hu\/eng\/for-students\/doctoral-school\/"},"modified":"2026-03-03T08:56:16","modified_gmt":"2026-03-03T08:56:16","slug":"doctoral-school","status":"publish","type":"page","link":"https:\/\/www.gtk.bme.hu\/en\/for-students\/doctoral-school\/","title":{"rendered":"Doctoral School"},"content":{"rendered":"<p>[vc_section full_width=&#8221;stretch_row&#8221; content_placement=&#8221;middle&#8221; parallax=&#8221;content-moving&#8221; parallax_image=&#8221;781&#8243; disable_element=&#8221;yes&#8221; el_class=&#8221;main-paralax&#8221;][vc_row][vc_column][vc_column_text el_class=&#8221;bg-black&#8221;][\/vc_column_text][\/vc_column][\/vc_row][\/vc_section][vc_section][vc_row][vc_column][vc_column_text]<\/p>\n<h1 style=\"text-align: left;\"><strong>Doctoral School of Business and Management<\/strong><\/h1>\n<p><strong>\u00a0<\/strong><\/p>\n<p>The aim of the Doctoral School of Business and Management is to provide Ph.D. studies for students specialising in engineering management, management sciences and business economics.<\/p>\n<p>During their doctoral studies they will focus on recognizing, formulating and modelling the economic, technical and social aspects of different production, service and public activities.<\/p>\n<p>The Business and Management Ph.D. programme accepts students with a master degree from all domains of business and management master programs, such as marketing, management and leadership, finance, accounting, regional and environmental economics, international economics and business and business administration (MBA). Applicants holding a master degree in other areas (e.g. mathematics, physics, informatics, and different areas of engineering) can also be accepted after the special consideration of the management of the doctoral school.<\/p>\n<p><strong><a href=\"https:\/\/doktori.hu\/index.php?menuid=191&amp;di_ID=23&amp;lang=EN\">Data sheet of the Doctoral School in the database of the Hungarian Doctoral Council<\/a><br \/>\n<\/strong><\/p>\n<p>&nbsp;<\/p>\n<h4><strong>Bodies of the Doctoral School:<\/strong><\/h4>\n<ul>\n<li><a href=\"https:\/\/doktori.hu\/doktori-kepzes\/oktatok\/\" target=\"_blank\" rel=\"noopener noreferrer\">Core members<\/a><\/li>\n<li><a href=\"https:\/\/doktori.hu\/testuletek\/64\/\" target=\"_blank\" rel=\"noopener noreferrer\">Council of the Doctoral School (DIT)<\/a><\/li>\n<li><a href=\"https:\/\/doktori.hu\/testuletek\/76\/\" target=\"_blank\" rel=\"noopener noreferrer\">Habilitation Committee and Doctoral Council<\/a><\/li>\n<li>Dates of the HBDT (Habilitation Committee and Doctoral Council) and DIT (Council of the Doctoral School) meetings for the <a href=\"https:\/\/www.gtk.bme.hu\/en\/wp-content\/uploads\/sites\/2\/2026\/03\/Dates-of-the-HBDT_DIT-of-GSZT-DI_2025-26.pdf\" target=\"_blank\" rel=\"noopener noreferrer\"><strong>academic year 2025\/26<\/strong><\/a><\/li>\n<\/ul>\n<p>[\/vc_column_text][\/vc_column][\/vc_row][vc_row][vc_column width=&#8221;1\/2&#8243;][vc_column_text]<\/p>\n<h4><strong>Head of the Doctoral School:<\/strong><\/h4>\n<p><strong>Dr. Tam\u00e1s Koltai, full professor<\/strong><br \/>\nDepartment of Management and Business Economics<br \/>\nBME Building Q, wing A, 3rd floor 306.<\/p>\n<div id=\"gtx-trans\">\n<div class=\"gtx-trans-icon\"><\/div>\n<\/div>\n<p>[\/vc_column_text][vc_column_text]<\/p>\n<h4><strong>Academic Calendar<\/strong><\/h4>\n<p>For the schedule of the 2025\/2026 academic year, please click on the link below.<\/p>\n<p><a href=\"https:\/\/www.gtk.bme.hu\/en\/wp-content\/uploads\/sites\/2\/2025\/09\/09_2025_VIII.28.-Deans-Order.pdf\" target=\"_blank\" rel=\"noopener noreferrer\">Dean&#8217;s Order No. 9_2025_(VIII.28.)<\/a>[\/vc_column_text][\/vc_column][vc_column width=&#8221;1\/2&#8243;][vc_column_text]<\/p>\n<h4><strong>Coordinator <\/strong><\/h4>\n<p>Mrs. Krisztina Kardos-Varga<br \/>\nphone: +36 1 463 2152<br \/>\ne-mail: <a href=\"mailto:gtk.phd@gtk.bme.hu\">gtk.phd@gtk.bme.hu<\/a><\/p>\n<h4><strong>Address<\/strong><\/h4>\n<p>1117 Budapest, Magyar tud\u00f3sok k\u00f6r\u00fatja 2.<br \/>\nQ building, A wing, mezzanine 5[\/vc_column_text][vc_column_text]<\/p>\n<h4><strong>Office Hours<\/strong><\/h4>\n<p>Monday: 09.00-11.00<br \/>\nTuesday: 13.30-15.30<br \/>\nWednesday: 09.00-11.00<br \/>\nThursday: 13.30-15.30<br \/>\nFriday: closed[\/vc_column_text][\/vc_column][\/vc_row][\/vc_section]<\/p>\n","protected":false},"excerpt":{"rendered":"<p>[vc_section full_width=&#8221;stretch_row&#8221; content_placement=&#8221;middle&#8221; parallax=&#8221;content-moving&#8221; parallax_image=&#8221;781&#8243; disable_element=&#8221;yes&#8221; el_class=&#8221;main-paralax&#8221;][vc_row][vc_column][vc_column_text el_class=&#8221;bg-black&#8221;][\/vc_column_text][\/vc_column][\/vc_row][\/vc_section][vc_section][vc_row][vc_column][vc_column_text] Doctoral School of Business and Management \u00a0 The aim of the Doctoral School of Business and Management is<span class=\"excerpt-hellip\"> [\u2026]<\/span><\/p>\n","protected":false},"author":6,"featured_media":0,"parent":850,"menu_order":2,"comment_status":"closed","ping_status":"closed","template":"","meta":{"pgc_sgb_lightbox_settings":"","inline_featured_image":false},"_links":{"self":[{"href":"https:\/\/www.gtk.bme.hu\/en\/wp-json\/wp\/v2\/pages\/167"}],"collection":[{"href":"https:\/\/www.gtk.bme.hu\/en\/wp-json\/wp\/v2\/pages"}],"about":[{"href":"https:\/\/www.gtk.bme.hu\/en\/wp-json\/wp\/v2\/types\/page"}],"author":[{"embeddable":true,"href":"https:\/\/www.gtk.bme.hu\/en\/wp-json\/wp\/v2\/users\/6"}],"replies":[{"embeddable":true,"href":"https:\/\/www.gtk.bme.hu\/en\/wp-json\/wp\/v2\/comments?post=167"}],"version-history":[{"count":67,"href":"https:\/\/www.gtk.bme.hu\/en\/wp-json\/wp\/v2\/pages\/167\/revisions"}],"predecessor-version":[{"id":5856,"href":"https:\/\/www.gtk.bme.hu\/en\/wp-json\/wp\/v2\/pages\/167\/revisions\/5856"}],"up":[{"embeddable":true,"href":"https:\/\/www.gtk.bme.hu\/en\/wp-json\/wp\/v2\/pages\/850"}],"wp:attachment":[{"href":"https:\/\/www.gtk.bme.hu\/en\/wp-json\/wp\/v2\/media?parent=167"}],"curies":[{"name":"wp","href":"https:\/\/api.w.org\/{rel}","templated":true}]}}